{"id":9681,"date":"2023-12-12T18:43:35","date_gmt":"2023-12-12T18:43:35","guid":{"rendered":"https:\/\/mywellnesssolu.wpenginepowered.com\/?page_id=9681"},"modified":"2023-12-28T18:45:49","modified_gmt":"2023-12-28T18:45:49","slug":"what-might-occur-after-a-pellet-insertion","status":"publish","type":"page","link":"https:\/\/mywellnesssolutions.com\/es\/what-might-occur-after-a-pellet-insertion\/","title":{"rendered":"Qu\u00e9 puede ocurrir tras una inserci\u00f3n de pellets"},"content":{"rendered":"<div data-elementor-type=\"wp-page\" data-elementor-id=\"9681\" class=\"elementor elementor-9681\" data-elementor-post-type=\"page\">\n\t\t\t\t<div class=\"elementor-element elementor-element-c54c9e e-con-full e-flex e-con e-parent\" data-id=\"c54c9e\" data-element_type=\"container\" data-settings=\"{&quot;background_background&quot;:&quot;classic&quot;,&quot;_ha_eqh_enable&quot;:false}\">\n\t\t<div class=\"elementor-element elementor-element-287de432 e-con-full e-flex e-con e-child\" data-id=\"287de432\" data-element_type=\"container\" data-settings=\"{&quot;_ha_eqh_enable&quot;:false}\">\n\t\t<div class=\"elementor-element elementor-element-13a9b4b1 e-flex e-con-boxed e-con e-child\" data-id=\"13a9b4b1\" data-element_type=\"container\" data-settings=\"{&quot;_ha_eqh_enable&quot;:false}\">\n\t\t\t\t\t<div class=\"e-con-inner\">\n\t\t\t\t<div class=\"elementor-element elementor-element-44938a1f elementor-widget elementor-widget-heading\" data-id=\"44938a1f\" data-element_type=\"widget\" data-widget_type=\"heading.default\">\n\t\t\t\t<div class=\"elementor-widget-container\">\n\t\t\t<style>\/*! elementor - v3.21.0 - 08-05-2024 *\/\n.elementor-heading-title{padding:0;margin:0;line-height:1}.elementor-widget-heading .elementor-heading-title[class*=elementor-size-]>a{color:inherit;font-size:inherit;line-height:inherit}.elementor-widget-heading .elementor-heading-title.elementor-size-small{font-size:15px}.elementor-widget-heading .elementor-heading-title.elementor-size-medium{font-size:19px}.elementor-widget-heading .elementor-heading-title.elementor-size-large{font-size:29px}.elementor-widget-heading .elementor-heading-title.elementor-size-xl{font-size:39px}.elementor-widget-heading .elementor-heading-title.elementor-size-xxl{font-size:59px}<\/style><h1 class=\"elementor-heading-title elementor-size-default\">Qu\u00e9 puede ocurrir tras una inserci\u00f3n de pellets<\/h1>\t\t<\/div>\n\t\t\t\t<\/div>\n\t\t\t\t<div class=\"elementor-element elementor-element-15f213b9 elementor-widget elementor-widget-text-editor\" data-id=\"15f213b9\" data-element_type=\"widget\" data-widget_type=\"text-editor.default\">\n\t\t\t\t<div class=\"elementor-widget-container\">\n\t\t\t<style>\/*! elementor - v3.21.0 - 08-05-2024 *\/\n.elementor-widget-text-editor.elementor-drop-cap-view-stacked .elementor-drop-cap{background-color:#69727d;color:#fff}.elementor-widget-text-editor.elementor-drop-cap-view-framed .elementor-drop-cap{color:#69727d;border:3px solid;background-color:transparent}.elementor-widget-text-editor:not(.elementor-drop-cap-view-default) .elementor-drop-cap{margin-top:8px}.elementor-widget-text-editor:not(.elementor-drop-cap-view-default) .elementor-drop-cap-letter{width:1em;height:1em}.elementor-widget-text-editor .elementor-drop-cap{float:left;text-align:center;line-height:1;font-size:50px}.elementor-widget-text-editor .elementor-drop-cap-letter{display:inline-block}<\/style>\t\t\t\t<p><i>Durante las cuatro primeras semanas tras la inserci\u00f3n de los gr\u00e1nulos hormonales se producir\u00e1 una importante transici\u00f3n hormonal. Por lo tanto, podr\u00edan desarrollarse ciertos cambios que pueden resultar molestos.<\/i><\/p>\n<p><span style=\"text-align: var(--text-align);\"><i>Siga leyendo para saber qu\u00e9 puede esperar y qu\u00e9 debe hacer si le ocurre a usted.<\/i><\/span><\/p>\t\t\t\t\t\t<\/div>\n\t\t\t\t<\/div>\n\t\t\t\t\t<\/div>\n\t\t\t\t<\/div>\n\t\t\t\t<\/div>\n\t\t\t\t<\/div>\n\t\t<div class=\"elementor-element elementor-element-67abed4f e-flex e-con-boxed e-con e-parent\" data-id=\"67abed4f\" data-element_type=\"container\" data-settings=\"{&quot;_ha_eqh_enable&quot;:false}\">\n\t\t\t\t\t<div class=\"e-con-inner\">\n\t\t<div class=\"elementor-element elementor-element-64cc02cd e-flex e-con-boxed e-con e-child\" data-id=\"64cc02cd\" data-element_type=\"container\" data-settings=\"{&quot;_ha_eqh_enable&quot;:false}\">\n\t\t\t\t\t<div class=\"e-con-inner\">\n\t\t<div class=\"elementor-element elementor-element-48e5e667 e-flex e-con-boxed e-con e-child\" data-id=\"48e5e667\" data-element_type=\"container\" data-settings=\"{&quot;_ha_eqh_enable&quot;:false}\">\n\t\t\t\t\t<div class=\"e-con-inner\">\n\t\t\t\t<div class=\"elementor-element elementor-element-96b4d04 elementor-widget elementor-widget-heading\" data-id=\"96b4d04\" data-element_type=\"widget\" data-widget_type=\"heading.default\">\n\t\t\t\t<div class=\"elementor-widget-container\">\n\t\t\t<h2 class=\"elementor-heading-title elementor-size-default\">Efectos secundarios frecuentes y soluciones<\/h2>\t\t<\/div>\n\t\t\t\t<\/div>\n\t\t\t\t\t<\/div>\n\t\t\t\t<\/div>\n\t\t\t\t<div class=\"elementor-element elementor-element-5fad2144 elementor-widget elementor-widget-text-editor\" data-id=\"5fad2144\" data-element_type=\"widget\" data-widget_type=\"text-editor.default\">\n\t\t\t\t<div class=\"elementor-widget-container\">\n\t\t\t\t\t\t\t<p><strong>RETENCI\u00d3N DE L\u00cdQUIDOS:<\/strong> La testosterona estimula el m\u00fasculo para que crezca y retenga agua, lo que puede provocar un cambio de peso de dos a cinco libras. Esto es s\u00f3lo temporal. Esto ocurre con frecuencia con la primera inserci\u00f3n, especialmente durante condiciones clim\u00e1ticas c\u00e1lidas y h\u00famedas.<\/p><p><strong>HINCHAZ\u00d3N DE MANOS Y PIES:<\/strong> Es frecuente en climas c\u00e1lidos y h\u00famedos. Puede tratarse bebiendo mucha agua, reduciendo el consumo de sal, tomando c\u00e1psulas de vinagre de sidra a diario (en la mayor\u00eda de tiendas de diet\u00e9tica y alimentaci\u00f3n) o tomando un diur\u00e9tico suave, que puede recetarle en la consulta.<\/p><p><strong>MANCHADO\/SANGRADO UTERINO:<\/strong> Esto puede ocurrir en los primeros meses despu\u00e9s de una inserci\u00f3n, especialmente si le han recetado progesterona y no la est\u00e1 tomando correctamente: es decir, si se salta dosis o no toma una dosis suficientemente alta. Por favor, notifique a la oficina si esto ocurre. El sangrado no es necesariamente una indicaci\u00f3n de un problema uterino importante. Lo m\u00e1s probable es que el \u00fatero est\u00e9 liberando tejido que necesita ser eliminado. Este tejido puede haber estado ya presente en su \u00fatero antes de recibir los gr\u00e1nulos y se est\u00e1 liberando en respuesta al aumento de hormonas.<\/p><p><strong>CAMBIOS DE HUMOR\/IRRITABILIDAD:<\/strong> Pueden producirse si tiene un d\u00e9ficit hormonal. Desaparecer\u00e1n cuando haya suficientes hormonas en su organismo. El 5HTP puede ser \u00fatil para este s\u00edntoma temporal y se puede comprar en muchas tiendas de alimentos saludables.<\/p><p><strong>BROTE FACIAL:<\/strong> Algunos granos pueden aparecer si el cuerpo tiene una gran deficiencia de testosterona. Esto dura poco tiempo y puede tratarse con una buena rutina de cuidado de la piel. Si estas soluciones no ayudan, por favor llame a la oficina para sugerencias y posiblemente prescripciones.<\/p><p><strong>P\u00c9RDIDA DE CABELLO:<\/strong> Esto es poco frecuente y suele ocurrir en pacientes que convierten la testosterona en DHT. El ajuste de la dosis suele reducir o eliminar el problema. En raras ocasiones puede ser necesario recetar medicamentos.<\/p><p><strong>CRECIMIENTO DEL CABELLO:<\/strong> La testosterona puede estimular el crecimiento de vello en la barbilla, el pecho, los pezones y\/o la parte inferior del abdomen. Esto suele ser hereditario. Tambi\u00e9n es posible que tenga que afeitarse las piernas y los brazos con m\u00e1s frecuencia. El ajuste de la dosis generalmente reduce o elimina el problema.<\/p>\t\t\t\t\t\t<\/div>\n\t\t\t\t<\/div>\n\t\t\t\t\t<\/div>\n\t\t\t\t<\/div>\n\t\t\t\t<div class=\"elementor-element elementor-element-3e37f9db elementor-align-center elementor-widget elementor-widget-button\" data-id=\"3e37f9db\" data-element_type=\"widget\" data-widget_type=\"button.default\">\n\t\t\t\t<div class=\"elementor-widget-container\">\n\t\t\t\t\t<div class=\"elementor-button-wrapper\">\n\t\t\t<a class=\"elementor-button elementor-button-link elementor-size-sm\" href=\"mailto:harlem@mywellnesssolutions.com\">\n\t\t\t\t\t\t<span class=\"elementor-button-content-wrapper\">\n\t\t\t\t\t\t\t\t\t<span class=\"elementor-button-text\">\u00bfTiene alguna pregunta? P\u00f3ngase en contacto con nosotros<\/span>\n\t\t\t\t\t<\/span>\n\t\t\t\t\t<\/a>\n\t\t<\/div>\n\t\t\t\t<\/div>\n\t\t\t\t<\/div>\n\t\t\t\t\t<\/div>\n\t\t\t\t<\/div>\n\t\t<div class=\"elementor-element elementor-element-3184e1c7 e-flex e-con-boxed e-con e-parent\" data-id=\"3184e1c7\" data-element_type=\"container\" data-settings=\"{&quot;_ha_eqh_enable&quot;:false}\">\n\t\t\t\t\t<div class=\"e-con-inner\">\n\t\t<div class=\"elementor-element elementor-element-51c8d1de e-flex e-con-boxed e-con e-child\" data-id=\"51c8d1de\" data-element_type=\"container\" data-settings=\"{&quot;_ha_eqh_enable&quot;:false}\">\n\t\t\t\t\t<div class=\"e-con-inner\">\n\t\t\t\t<div class=\"elementor-element elementor-element-1327e62 elementor-widget elementor-widget-heading\" data-id=\"1327e62\" data-element_type=\"widget\" data-widget_type=\"heading.default\">\n\t\t\t\t<div class=\"elementor-widget-container\">\n\t\t\t<h2 class=\"elementor-heading-title elementor-size-default\">Recordatorios<\/h2>\t\t<\/div>\n\t\t\t\t<\/div>\n\t\t\t\t\t<\/div>\n\t\t\t\t<\/div>\n\t\t<div class=\"elementor-element elementor-element-22a7f27b e-flex e-con-boxed e-con e-child\" data-id=\"22a7f27b\" data-element_type=\"container\" data-settings=\"{&quot;_ha_eqh_enable&quot;:false}\">\n\t\t\t\t\t<div class=\"e-con-inner\">\n\t\t<div class=\"elementor-element elementor-element-649387f4 e-con-full e-flex e-con e-child\" data-id=\"649387f4\" data-element_type=\"container\" data-settings=\"{&quot;_ha_eqh_enable&quot;:false}\">\n\t\t<div class=\"elementor-element elementor-element-4edc1fa6 e-flex e-con-boxed e-con e-child\" data-id=\"4edc1fa6\" data-element_type=\"container\" data-settings=\"{&quot;_ha_eqh_enable&quot;:false}\">\n\t\t\t\t\t<div class=\"e-con-inner\">\n\t\t\t\t<div class=\"elementor-element elementor-element-63c84043 elementor-widget__width-auto elementor-widget elementor-widget-heading\" data-id=\"63c84043\" data-element_type=\"widget\" data-widget_type=\"heading.default\">\n\t\t\t\t<div class=\"elementor-widget-container\">\n\t\t\t<h3 class=\"elementor-heading-title elementor-size-default\">1<\/h3>\t\t<\/div>\n\t\t\t\t<\/div>\n\t\t\t\t<div class=\"elementor-element elementor-element-1660d403 elementor-widget elementor-widget-heading\" data-id=\"1660d403\" data-element_type=\"widget\" data-widget_type=\"heading.default\">\n\t\t\t\t<div class=\"elementor-widget-container\">\n\t\t\t<h3 class=\"elementor-heading-title elementor-size-default\">An\u00e1lisis de sangre de seguimiento<\/h3>\t\t<\/div>\n\t\t\t\t<\/div>\n\t\t\t\t\t<\/div>\n\t\t\t\t<\/div>\n\t\t\t\t<div class=\"elementor-element elementor-element-2d1f9b96 elementor-widget elementor-widget-text-editor\" data-id=\"2d1f9b96\" data-element_type=\"widget\" data-widget_type=\"text-editor.default\">\n\t\t\t\t<div class=\"elementor-widget-container\">\n\t\t\t\t\t\t\t<p>\u00a0Si es la primera vez, no olvide hacerse los an\u00e1lisis de sangre 4-5 semanas despu\u00e9s de la inserci\u00f3n.<\/p>\t\t\t\t\t\t<\/div>\n\t\t\t\t<\/div>\n\t\t\t\t<\/div>\n\t\t<div class=\"elementor-element elementor-element-604301d0 e-con-full e-flex e-con e-child\" data-id=\"604301d0\" data-element_type=\"container\" data-settings=\"{&quot;_ha_eqh_enable&quot;:false}\">\n\t\t<div class=\"elementor-element elementor-element-9a8868a e-flex e-con-boxed e-con e-child\" data-id=\"9a8868a\" data-element_type=\"container\" data-settings=\"{&quot;_ha_eqh_enable&quot;:false}\">\n\t\t\t\t\t<div class=\"e-con-inner\">\n\t\t\t\t<div class=\"elementor-element elementor-element-61edb4ff elementor-widget__width-auto elementor-widget elementor-widget-heading\" data-id=\"61edb4ff\" data-element_type=\"widget\" data-widget_type=\"heading.default\">\n\t\t\t\t<div class=\"elementor-widget-container\">\n\t\t\t<h3 class=\"elementor-heading-title elementor-size-default\">2<\/h3>\t\t<\/div>\n\t\t\t\t<\/div>\n\t\t\t\t<div class=\"elementor-element elementor-element-6ed9e521 elementor-widget elementor-widget-heading\" data-id=\"6ed9e521\" data-element_type=\"widget\" data-widget_type=\"heading.default\">\n\t\t\t\t<div class=\"elementor-widget-container\">\n\t\t\t<h3 class=\"elementor-heading-title elementor-size-default\">Mantener el equilibrio<\/h3>\t\t<\/div>\n\t\t\t\t<\/div>\n\t\t\t\t\t<\/div>\n\t\t\t\t<\/div>\n\t\t\t\t<div class=\"elementor-element elementor-element-d9ba950 elementor-widget elementor-widget-text-editor\" data-id=\"d9ba950\" data-element_type=\"widget\" data-widget_type=\"text-editor.default\">\n\t\t\t\t<div class=\"elementor-widget-container\">\n\t\t\t\t\t\t\t<p>La mayor\u00eda de las mujeres necesitar\u00e1n reinserciones de sus pellets 3-4 meses despu\u00e9s de su inserci\u00f3n inicial. La mayor\u00eda de los hombres necesitar\u00e1n reinserciones de sus pellets 5-6 meses despu\u00e9s de su inserci\u00f3n inicial.<\/p>\t\t\t\t\t\t<\/div>\n\t\t\t\t<\/div>\n\t\t\t\t<\/div>\n\t\t\t\t\t<\/div>\n\t\t\t\t<\/div>\n\t\t\t\t\t<\/div>\n\t\t\t\t<\/div>\n\t\t\t\t<\/div>","protected":false},"excerpt":{"rendered":"<p>Durante las cuatro primeras semanas tras la inserci\u00f3n de los gr\u00e1nulos hormonales se producir\u00e1 una importante transici\u00f3n hormonal. Por lo tanto, es posible que se produzcan ciertos cambios que pueden resultar molestos. Sigue leyendo para saber qu\u00e9 esperar y qu\u00e9 debes hacer si te ocurre. Efectos secundarios comunes y soluciones RETENCI\u00d3N DE FLUIDOS: La testosterona estimula el m\u00fasculo [...]<\/p>","protected":false},"author":1,"featured_media":0,"parent":0,"menu_order":0,"comment_status":"closed","ping_status":"closed","template":"","meta":{"om_disable_all_campaigns":false,"_monsterinsights_skip_tracking":false,"_monsterinsights_sitenote_active":false,"_monsterinsights_sitenote_note":"","_monsterinsights_sitenote_category":0,"_uf_show_specific_survey":0,"_uf_disable_surveys":false,"cybocfi_hide_featured_image":"","footnotes":""},"class_list":["post-9681","page","type-page","status-publish","hentry"],"acf":[],"aioseo_notices":[],"yoast_head":"<!-- This site is optimized with the Yoast SEO Premium plugin v21.6 (Yoast SEO v21.6) - https:\/\/yoast.com\/wordpress\/plugins\/seo\/ -->\n<title>BioTe Side Effects: What to Expect - My Wellness Solutions<\/title>\n<meta name=\"description\" content=\"Learn the BioTe Side Effects: Testosterone may cause fluid retention &amp; swelling, but it&#039;s just temporary. Tips to alleviate symptoms!\" \/>\n<meta name=\"robots\" content=\"index, follow, max-snippet:-1, max-image-preview:large, max-video-preview:-1\" \/>\n<link rel=\"canonical\" href=\"https:\/\/mywellnesssolutions.com\/es\/what-might-occur-after-a-pellet-insertion\/\" \/>\n<meta property=\"og:locale\" content=\"es_ES\" \/>\n<meta property=\"og:type\" content=\"article\" \/>\n<meta property=\"og:title\" content=\"What Might Occur After A Pellet Insertion\" \/>\n<meta property=\"og:description\" content=\"Learn the BioTe Side Effects: Testosterone may cause fluid retention &amp; swelling, but it&#039;s just temporary. Tips to alleviate symptoms!\" \/>\n<meta property=\"og:url\" content=\"https:\/\/mywellnesssolutions.com\/es\/what-might-occur-after-a-pellet-insertion\/\" \/>\n<meta property=\"og:site_name\" content=\"My Wellness Solutions\" \/>\n<meta property=\"article:publisher\" content=\"https:\/\/www.facebook.com\/mwshealth\" \/>\n<meta property=\"article:modified_time\" content=\"2023-12-28T18:45:49+00:00\" \/>\n<meta name=\"twitter:card\" content=\"summary_large_image\" \/>\n<meta name=\"twitter:label1\" content=\"Est. reading time\" \/>\n\t<meta name=\"twitter:data1\" content=\"2 minutos\" \/>\n<script type=\"application\/ld+json\" class=\"yoast-schema-graph\">{\"@context\":\"https:\/\/schema.org\",\"@graph\":[{\"@type\":\"WebPage\",\"@id\":\"https:\/\/mywellnesssolutions.com\/what-might-occur-after-a-pellet-insertion\/\",\"url\":\"https:\/\/mywellnesssolutions.com\/what-might-occur-after-a-pellet-insertion\/\",\"name\":\"BioTe Side Effects: What to Expect - My Wellness Solutions\",\"isPartOf\":{\"@id\":\"https:\/\/mywellnesssolutions.com\/#website\"},\"datePublished\":\"2023-12-12T18:43:35+00:00\",\"dateModified\":\"2023-12-28T18:45:49+00:00\",\"description\":\"Learn the BioTe Side Effects: Testosterone may cause fluid retention & swelling, but it's just temporary. Tips to alleviate symptoms!\",\"breadcrumb\":{\"@id\":\"https:\/\/mywellnesssolutions.com\/what-might-occur-after-a-pellet-insertion\/#breadcrumb\"},\"inLanguage\":\"es-DO\",\"potentialAction\":[{\"@type\":\"ReadAction\",\"target\":[\"https:\/\/mywellnesssolutions.com\/what-might-occur-after-a-pellet-insertion\/\"]}]},{\"@type\":\"BreadcrumbList\",\"@id\":\"https:\/\/mywellnesssolutions.com\/what-might-occur-after-a-pellet-insertion\/#breadcrumb\",\"itemListElement\":[{\"@type\":\"ListItem\",\"position\":1,\"name\":\"Home\",\"item\":\"https:\/\/mywellnesssolutions.com\/\"},{\"@type\":\"ListItem\",\"position\":2,\"name\":\"What Might Occur After A Pellet Insertion\"}]},{\"@type\":\"WebSite\",\"@id\":\"https:\/\/mywellnesssolutions.com\/#website\",\"url\":\"https:\/\/mywellnesssolutions.com\/\",\"name\":\"My Wellness Solutions\",\"description\":\"The Best in Health &amp; Wellness\",\"publisher\":{\"@id\":\"https:\/\/mywellnesssolutions.com\/#organization\"},\"potentialAction\":[{\"@type\":\"SearchAction\",\"target\":{\"@type\":\"EntryPoint\",\"urlTemplate\":\"https:\/\/mywellnesssolutions.com\/?s={search_term_string}\"},\"query-input\":\"required name=search_term_string\"}],\"inLanguage\":\"es-DO\"},{\"@type\":\"Organization\",\"@id\":\"https:\/\/mywellnesssolutions.com\/#organization\",\"name\":\"My Wellness Solutions\",\"url\":\"https:\/\/mywellnesssolutions.com\/\",\"logo\":{\"@type\":\"ImageObject\",\"inLanguage\":\"es-DO\",\"@id\":\"https:\/\/mywellnesssolutions.com\/#\/schema\/logo\/image\/\",\"url\":\"https:\/\/mywellnesssolutions.com\/wp-content\/uploads\/2023\/10\/Logo.png\",\"contentUrl\":\"https:\/\/mywellnesssolutions.com\/wp-content\/uploads\/2023\/10\/Logo.png\",\"width\":149,\"height\":206,\"caption\":\"My Wellness Solutions\"},\"image\":{\"@id\":\"https:\/\/mywellnesssolutions.com\/#\/schema\/logo\/image\/\"},\"sameAs\":[\"https:\/\/www.facebook.com\/mwshealth\",\"https:\/\/www.instagram.com\/mwshealth\"]}]}<\/script>\n<!-- \/ Yoast SEO Premium plugin. -->","yoast_head_json":{"title":"BioTe Side Effects: What to Expect - My Wellness Solutions","description":"Learn the BioTe Side Effects: Testosterone may cause fluid retention & swelling, but it's just temporary. Tips to alleviate symptoms!","robots":{"index":"index","follow":"follow","max-snippet":"max-snippet:-1","max-image-preview":"max-image-preview:large","max-video-preview":"max-video-preview:-1"},"canonical":"https:\/\/mywellnesssolutions.com\/es\/what-might-occur-after-a-pellet-insertion\/","og_locale":"es_ES","og_type":"article","og_title":"What Might Occur After A Pellet Insertion","og_description":"Learn the BioTe Side Effects: Testosterone may cause fluid retention & swelling, but it's just temporary. Tips to alleviate symptoms!","og_url":"https:\/\/mywellnesssolutions.com\/es\/what-might-occur-after-a-pellet-insertion\/","og_site_name":"My Wellness Solutions","article_publisher":"https:\/\/www.facebook.com\/mwshealth","article_modified_time":"2023-12-28T18:45:49+00:00","twitter_card":"summary_large_image","twitter_misc":{"Est. reading time":"2 minutos"},"schema":{"@context":"https:\/\/schema.org","@graph":[{"@type":"WebPage","@id":"https:\/\/mywellnesssolutions.com\/what-might-occur-after-a-pellet-insertion\/","url":"https:\/\/mywellnesssolutions.com\/what-might-occur-after-a-pellet-insertion\/","name":"BioTe Side Effects: What to Expect - My Wellness Solutions","isPartOf":{"@id":"https:\/\/mywellnesssolutions.com\/#website"},"datePublished":"2023-12-12T18:43:35+00:00","dateModified":"2023-12-28T18:45:49+00:00","description":"Learn the BioTe Side Effects: Testosterone may cause fluid retention & swelling, but it's just temporary. Tips to alleviate symptoms!","breadcrumb":{"@id":"https:\/\/mywellnesssolutions.com\/what-might-occur-after-a-pellet-insertion\/#breadcrumb"},"inLanguage":"es-DO","potentialAction":[{"@type":"ReadAction","target":["https:\/\/mywellnesssolutions.com\/what-might-occur-after-a-pellet-insertion\/"]}]},{"@type":"BreadcrumbList","@id":"https:\/\/mywellnesssolutions.com\/what-might-occur-after-a-pellet-insertion\/#breadcrumb","itemListElement":[{"@type":"ListItem","position":1,"name":"Home","item":"https:\/\/mywellnesssolutions.com\/"},{"@type":"ListItem","position":2,"name":"What Might Occur After A Pellet Insertion"}]},{"@type":"WebSite","@id":"https:\/\/mywellnesssolutions.com\/#website","url":"https:\/\/mywellnesssolutions.com\/","name":"My Wellness Solutions","description":"The Best in Health &amp; Wellness","publisher":{"@id":"https:\/\/mywellnesssolutions.com\/#organization"},"potentialAction":[{"@type":"SearchAction","target":{"@type":"EntryPoint","urlTemplate":"https:\/\/mywellnesssolutions.com\/?s={search_term_string}"},"query-input":"required name=search_term_string"}],"inLanguage":"es-DO"},{"@type":"Organization","@id":"https:\/\/mywellnesssolutions.com\/#organization","name":"My Wellness Solutions","url":"https:\/\/mywellnesssolutions.com\/","logo":{"@type":"ImageObject","inLanguage":"es-DO","@id":"https:\/\/mywellnesssolutions.com\/#\/schema\/logo\/image\/","url":"https:\/\/mywellnesssolutions.com\/wp-content\/uploads\/2023\/10\/Logo.png","contentUrl":"https:\/\/mywellnesssolutions.com\/wp-content\/uploads\/2023\/10\/Logo.png","width":149,"height":206,"caption":"My Wellness Solutions"},"image":{"@id":"https:\/\/mywellnesssolutions.com\/#\/schema\/logo\/image\/"},"sameAs":["https:\/\/www.facebook.com\/mwshealth","https:\/\/www.instagram.com\/mwshealth"]}]}},"_links":{"self":[{"href":"https:\/\/mywellnesssolutions.com\/es\/wp-json\/wp\/v2\/pages\/9681","targetHints":{"allow":["GET"]}}],"collection":[{"href":"https:\/\/mywellnesssolutions.com\/es\/wp-json\/wp\/v2\/pages"}],"about":[{"href":"https:\/\/mywellnesssolutions.com\/es\/wp-json\/wp\/v2\/types\/page"}],"author":[{"embeddable":true,"href":"https:\/\/mywellnesssolutions.com\/es\/wp-json\/wp\/v2\/users\/1"}],"replies":[{"embeddable":true,"href":"https:\/\/mywellnesssolutions.com\/es\/wp-json\/wp\/v2\/comments?post=9681"}],"version-history":[{"count":0,"href":"https:\/\/mywellnesssolutions.com\/es\/wp-json\/wp\/v2\/pages\/9681\/revisions"}],"wp:attachment":[{"href":"https:\/\/mywellnesssolutions.com\/es\/wp-json\/wp\/v2\/media?parent=9681"}],"curies":[{"name":"wp","href":"https:\/\/api.w.org\/{rel}","templated":true}]}}