{"id":9665,"date":"2023-12-12T18:29:47","date_gmt":"2023-12-12T18:29:47","guid":{"rendered":"https:\/\/mywellnesssolu.wpenginepowered.com\/?page_id=9665"},"modified":"2024-07-02T19:49:05","modified_gmt":"2024-07-02T19:49:05","slug":"biote-supplement-guide","status":"publish","type":"page","link":"https:\/\/mywellnesssolutions.com\/es\/biote-supplement-guide\/","title":{"rendered":"Gu\u00eda de suplementos BioTe"},"content":{"rendered":"<div data-elementor-type=\"wp-page\" data-elementor-id=\"9665\" class=\"elementor elementor-9665\" data-elementor-post-type=\"page\">\n\t\t\t\t<div class=\"elementor-element elementor-element-c54c9e e-con-full e-flex e-con e-parent\" data-id=\"c54c9e\" data-element_type=\"container\" data-settings=\"{&quot;background_background&quot;:&quot;classic&quot;,&quot;_ha_eqh_enable&quot;:false}\">\n\t\t<div class=\"elementor-element elementor-element-287de432 e-con-full e-flex e-con e-child\" data-id=\"287de432\" data-element_type=\"container\" data-settings=\"{&quot;_ha_eqh_enable&quot;:false}\">\n\t\t<div class=\"elementor-element elementor-element-13a9b4b1 e-flex e-con-boxed e-con e-child\" data-id=\"13a9b4b1\" data-element_type=\"container\" data-settings=\"{&quot;_ha_eqh_enable&quot;:false}\">\n\t\t\t\t\t<div class=\"e-con-inner\">\n\t\t\t\t<div class=\"elementor-element elementor-element-44938a1f elementor-widget elementor-widget-heading\" data-id=\"44938a1f\" data-element_type=\"widget\" data-widget_type=\"heading.default\">\n\t\t\t\t<div class=\"elementor-widget-container\">\n\t\t\t<style>\/*! elementor - v3.21.0 - 08-05-2024 *\/\n.elementor-heading-title{padding:0;margin:0;line-height:1}.elementor-widget-heading .elementor-heading-title[class*=elementor-size-]>a{color:inherit;font-size:inherit;line-height:inherit}.elementor-widget-heading .elementor-heading-title.elementor-size-small{font-size:15px}.elementor-widget-heading .elementor-heading-title.elementor-size-medium{font-size:19px}.elementor-widget-heading .elementor-heading-title.elementor-size-large{font-size:29px}.elementor-widget-heading .elementor-heading-title.elementor-size-xl{font-size:39px}.elementor-widget-heading .elementor-heading-title.elementor-size-xxl{font-size:59px}<\/style><h1 class=\"elementor-heading-title elementor-size-default\">Gu\u00eda de suplementos BioTe<\/h1>\t\t<\/div>\n\t\t\t\t<\/div>\n\t\t\t\t<div class=\"elementor-element elementor-element-15f213b9 elementor-widget elementor-widget-text-editor\" data-id=\"15f213b9\" data-element_type=\"widget\" data-widget_type=\"text-editor.default\">\n\t\t\t\t<div class=\"elementor-widget-container\">\n\t\t\t<style>\/*! elementor - v3.21.0 - 08-05-2024 *\/\n.elementor-widget-text-editor.elementor-drop-cap-view-stacked .elementor-drop-cap{background-color:#69727d;color:#fff}.elementor-widget-text-editor.elementor-drop-cap-view-framed .elementor-drop-cap{color:#69727d;border:3px solid;background-color:transparent}.elementor-widget-text-editor:not(.elementor-drop-cap-view-default) .elementor-drop-cap{margin-top:8px}.elementor-widget-text-editor:not(.elementor-drop-cap-view-default) .elementor-drop-cap-letter{width:1em;height:1em}.elementor-widget-text-editor .elementor-drop-cap{float:left;text-align:center;line-height:1;font-size:50px}.elementor-widget-text-editor .elementor-drop-cap-letter{display:inline-block}<\/style>\t\t\t\t<p><span style=\"text-align: var(--text-align);\"><i>Por favor, lea estas importantes instrucciones para sus suplementos BioTe que le ayudar\u00e1n a que su inserci\u00f3n de pellets BioTe sea todo un \u00e9xito.<\/i><\/span><\/p>\t\t\t\t\t\t<\/div>\n\t\t\t\t<\/div>\n\t\t\t\t\t<\/div>\n\t\t\t\t<\/div>\n\t\t\t\t<\/div>\n\t\t\t\t<\/div>\n\t\t<div class=\"elementor-element elementor-element-67abed4f e-flex e-con-boxed e-con e-parent\" data-id=\"67abed4f\" data-element_type=\"container\" data-settings=\"{&quot;_ha_eqh_enable&quot;:false}\">\n\t\t\t\t\t<div class=\"e-con-inner\">\n\t\t<div class=\"elementor-element elementor-element-64cc02cd e-flex e-con-boxed e-con e-child\" data-id=\"64cc02cd\" data-element_type=\"container\" data-settings=\"{&quot;_ha_eqh_enable&quot;:false}\">\n\t\t\t\t\t<div class=\"e-con-inner\">\n\t\t<div class=\"elementor-element elementor-element-48e5e667 e-flex e-con-boxed e-con e-child\" data-id=\"48e5e667\" data-element_type=\"container\" data-settings=\"{&quot;_ha_eqh_enable&quot;:false}\">\n\t\t\t\t\t<div class=\"e-con-inner\">\n\t\t\t\t<div class=\"elementor-element elementor-element-96b4d04 elementor-widget elementor-widget-heading\" data-id=\"96b4d04\" data-element_type=\"widget\" data-widget_type=\"heading.default\">\n\t\t\t\t<div class=\"elementor-widget-container\">\n\t\t\t<h2 class=\"elementor-heading-title elementor-size-default\">Instrucciones de uso de los suplementos BioTe<\/h2>\t\t<\/div>\n\t\t\t\t<\/div>\n\t\t\t\t\t<\/div>\n\t\t\t\t<\/div>\n\t\t\t\t<div class=\"elementor-element elementor-element-5fad2144 elementor-widget__width-initial elementor-widget elementor-widget-text-editor\" data-id=\"5fad2144\" data-element_type=\"widget\" data-widget_type=\"text-editor.default\">\n\t\t\t\t<div class=\"elementor-widget-container\">\n\t\t\t\t\t\t\t<p>Los siguientes <a href=\"https:\/\/mywellnesssolutions.com\/es\/hormones\/\">BioTe<\/a> adem\u00e1s de la terapia con gr\u00e1nulos.<\/p><p>Salvo que se especifique lo contrario, pueden tomarse a cualquier hora del d\u00eda sin tener en cuenta las comidas.<\/p><p>Si en esta lista aparece un suplemento que no ha recibido, s\u00ed lo ha recibido. <strong>no<\/strong> lo necesitan.<\/p>\t\t\t\t\t\t<\/div>\n\t\t\t\t<\/div>\n\t\t\t\t<div class=\"elementor-element elementor-element-3e37f9db elementor-align-center elementor-widget elementor-widget-button\" data-id=\"3e37f9db\" data-element_type=\"widget\" data-widget_type=\"button.default\">\n\t\t\t\t<div class=\"elementor-widget-container\">\n\t\t\t\t\t<div class=\"elementor-button-wrapper\">\n\t\t\t<a class=\"elementor-button elementor-button-link elementor-size-sm\" href=\"mailto:harlem@mywellnesssolutions.com\">\n\t\t\t\t\t\t<span class=\"elementor-button-content-wrapper\">\n\t\t\t\t\t\t\t\t\t<span class=\"elementor-button-text\">\u00bfTiene alguna pregunta? P\u00f3ngase en contacto con nosotros<\/span>\n\t\t\t\t\t<\/span>\n\t\t\t\t\t<\/a>\n\t\t<\/div>\n\t\t\t\t<\/div>\n\t\t\t\t<\/div>\n\t\t\t\t\t<\/div>\n\t\t\t\t<\/div>\n\t\t\t\t\t<\/div>\n\t\t\t\t<\/div>\n\t\t<div class=\"elementor-element elementor-element-c1cb206 e-flex e-con-boxed e-con e-parent\" data-id=\"c1cb206\" data-element_type=\"container\" data-settings=\"{&quot;_ha_eqh_enable&quot;:false}\">\n\t\t\t\t\t<div class=\"e-con-inner\">\n\t\t\t\t<div class=\"elementor-element elementor-element-547dde3 elementor-position-left elementor-vertical-align-top elementor-widget elementor-widget-image-box\" data-id=\"547dde3\" data-element_type=\"widget\" data-widget_type=\"image-box.default\">\n\t\t\t\t<div class=\"elementor-widget-container\">\n\t\t\t<style>\/*! elementor - v3.21.0 - 08-05-2024 *\/\n.elementor-widget-image-box .elementor-image-box-content{width:100%}@media (min-width:768px){.elementor-widget-image-box.elementor-position-left .elementor-image-box-wrapper,.elementor-widget-image-box.elementor-position-right .elementor-image-box-wrapper{display:flex}.elementor-widget-image-box.elementor-position-right .elementor-image-box-wrapper{text-align:end;flex-direction:row-reverse}.elementor-widget-image-box.elementor-position-left .elementor-image-box-wrapper{text-align:start;flex-direction:row}.elementor-widget-image-box.elementor-position-top .elementor-image-box-img{margin:auto}.elementor-widget-image-box.elementor-vertical-align-top .elementor-image-box-wrapper{align-items:flex-start}.elementor-widget-image-box.elementor-vertical-align-middle .elementor-image-box-wrapper{align-items:center}.elementor-widget-image-box.elementor-vertical-align-bottom .elementor-image-box-wrapper{align-items:flex-end}}@media (max-width:767px){.elementor-widget-image-box .elementor-image-box-img{margin-left:auto!important;margin-right:auto!important;margin-bottom:15px}}.elementor-widget-image-box .elementor-image-box-img{display:inline-block}.elementor-widget-image-box .elementor-image-box-title a{color:inherit}.elementor-widget-image-box .elementor-image-box-wrapper{text-align:center}.elementor-widget-image-box .elementor-image-box-description{margin:0}<\/style><div class=\"elementor-image-box-wrapper\"><figure class=\"elementor-image-box-img\"><a href=\"https:\/\/patients.shopbiote.com\/customer\/account\/create\/?cid=2212&#038;utm_campaign=0001PL&#038;utm_source=Practitioner%20Link&#038;utm_medium=referral%20\" tabindex=\"-1\"><img fetchpriority=\"high\" decoding=\"async\" width=\"181\" height=\"300\" src=\"https:\/\/mywellnesssolutions.com\/wp-content\/uploads\/2023\/12\/BIOTE-ADK-181x300.png\" class=\"attachment-medium size-medium wp-image-9669\" alt=\"\" srcset=\"https:\/\/mywellnesssolutions.com\/wp-content\/uploads\/2023\/12\/BIOTE-ADK-181x300.png 181w, https:\/\/mywellnesssolutions.com\/wp-content\/uploads\/2023\/12\/BIOTE-ADK.png 310w\" sizes=\"(max-width: 181px) 100vw, 181px\" \/><\/a><\/figure><div class=\"elementor-image-box-content\"><h3 class=\"elementor-image-box-title\"><a href=\"https:\/\/patients.shopbiote.com\/customer\/account\/create\/?cid=2212&#038;utm_campaign=0001PL&#038;utm_source=Practitioner%20Link&#038;utm_medium=referral%20\">ADK-10<\/a><\/h3><p class=\"elementor-image-box-description\">Este nutrac\u00e9utico es una combinaci\u00f3n de tres vitaminas esenciales -A, D3 y K2- y favorece la salud \u00f3sea tanto en hombres como en mujeres*.<br><br>Indicaciones: Tomar 1 al d\u00eda para aumentar la vitamina D<\/p><\/div><\/div>\t\t<\/div>\n\t\t\t\t<\/div>\n\t\t\t\t<div class=\"elementor-element elementor-element-b5f633f elementor-align-center elementor-widget elementor-widget-button\" data-id=\"b5f633f\" data-element_type=\"widget\" data-widget_type=\"button.default\">\n\t\t\t\t<div class=\"elementor-widget-container\">\n\t\t\t\t\t<div class=\"elementor-button-wrapper\">\n\t\t\t<a class=\"elementor-button elementor-button-link elementor-size-sm\" href=\"https:\/\/patients.shopbiote.com\/customer\/account\/create\/?cid=2212&#038;utm_campaign=0001PL&#038;utm_source=Practitioner%20Link&#038;utm_medium=referral%20\">\n\t\t\t\t\t\t<span class=\"elementor-button-content-wrapper\">\n\t\t\t\t\t\t\t\t\t<span class=\"elementor-button-text\">Comprar ahora<\/span>\n\t\t\t\t\t<\/span>\n\t\t\t\t\t<\/a>\n\t\t<\/div>\n\t\t\t\t<\/div>\n\t\t\t\t<\/div>\n\t\t\t\t<div class=\"elementor-element elementor-element-cfa89aa elementor-position-left elementor-vertical-align-top elementor-widget elementor-widget-image-box\" data-id=\"cfa89aa\" data-element_type=\"widget\" data-widget_type=\"image-box.default\">\n\t\t\t\t<div class=\"elementor-widget-container\">\n\t\t\t<div class=\"elementor-image-box-wrapper\"><figure class=\"elementor-image-box-img\"><a href=\"https:\/\/patients.shopbiote.com\/customer\/account\/create\/?cid=2212&#038;utm_campaign=0001PL&#038;utm_source=Practitioner%20Link&#038;utm_medium=referral%20\" tabindex=\"-1\"><img decoding=\"async\" width=\"156\" height=\"300\" src=\"https:\/\/mywellnesssolutions.com\/wp-content\/uploads\/2023\/12\/BIOTE-DIM-156x300.png\" class=\"attachment-medium size-medium wp-image-9670\" alt=\"\" srcset=\"https:\/\/mywellnesssolutions.com\/wp-content\/uploads\/2023\/12\/BIOTE-DIM-156x300.png 156w, https:\/\/mywellnesssolutions.com\/wp-content\/uploads\/2023\/12\/BIOTE-DIM.png 310w\" sizes=\"(max-width: 156px) 100vw, 156px\" \/><\/a><\/figure><div class=\"elementor-image-box-content\"><h3 class=\"elementor-image-box-title\"><a href=\"https:\/\/patients.shopbiote.com\/customer\/account\/create\/?cid=2212&#038;utm_campaign=0001PL&#038;utm_source=Practitioner%20Link&#038;utm_medium=referral%20\">DIM<\/a><\/h3><p class=\"elementor-image-box-description\">Este nutrac\u00e9utico contiene extractos de br\u00f3coli y granada que pueden contribuir a la utilizaci\u00f3n saludable del estr\u00f3geno tanto en hombres como en mujeres.<br><br>Indicaciones: Tomar 1 al d\u00eda para aumentar la vitamina D<\/p><\/div><\/div>\t\t<\/div>\n\t\t\t\t<\/div>\n\t\t\t\t<div class=\"elementor-element elementor-element-a573404 elementor-align-center elementor-widget elementor-widget-button\" data-id=\"a573404\" data-element_type=\"widget\" data-widget_type=\"button.default\">\n\t\t\t\t<div class=\"elementor-widget-container\">\n\t\t\t\t\t<div class=\"elementor-button-wrapper\">\n\t\t\t<a class=\"elementor-button elementor-button-link elementor-size-sm\" href=\"https:\/\/patients.shopbiote.com\/customer\/account\/create\/?cid=2212&#038;utm_campaign=0001PL&#038;utm_source=Practitioner%20Link&#038;utm_medium=referral%20\">\n\t\t\t\t\t\t<span class=\"elementor-button-content-wrapper\">\n\t\t\t\t\t\t\t\t\t<span class=\"elementor-button-text\">Comprar ahora<\/span>\n\t\t\t\t\t<\/span>\n\t\t\t\t\t<\/a>\n\t\t<\/div>\n\t\t\t\t<\/div>\n\t\t\t\t<\/div>\n\t\t\t\t\t<\/div>\n\t\t\t\t<\/div>\n\t\t<div class=\"elementor-element elementor-element-4f12b43 e-grid e-con-boxed e-con e-parent\" data-id=\"4f12b43\" data-element_type=\"container\" data-settings=\"{&quot;_ha_eqh_enable&quot;:false}\">\n\t\t\t\t\t<div class=\"e-con-inner\">\n\t\t\t\t<div class=\"elementor-element elementor-element-6ddab1c elementor-widget elementor-widget-image\" data-id=\"6ddab1c\" data-element_type=\"widget\" data-widget_type=\"image.default\">\n\t\t\t\t<div class=\"elementor-widget-container\">\n\t\t\t<style>\/*! elementor - v3.21.0 - 08-05-2024 *\/\n.elementor-widget-image{text-align:center}.elementor-widget-image a{display:inline-block}.elementor-widget-image a img[src$=\".svg\"]{width:48px}.elementor-widget-image img{vertical-align:middle;display:inline-block}<\/style>\t\t\t\t\t\t\t\t\t\t\t<a href=\"https:\/\/patients.shopbiote.com\/customer\/account\/create\/?cid=2212&#038;utm_campaign=0001PL&#038;utm_source=Practitioner%20Link&#038;utm_medium=referral%20\" target=\"_blank\">\n\t\t\t\t\t\t\t<img decoding=\"async\" width=\"800\" height=\"755\" src=\"https:\/\/mywellnesssolutions.com\/wp-content\/uploads\/2024\/07\/Screen-Shot-2024-07-02-at-3.42.17-PM-1024x967.png\" class=\"attachment-large size-large wp-image-10505\" alt=\"biote supplements\" srcset=\"https:\/\/mywellnesssolutions.com\/wp-content\/uploads\/2024\/07\/Screen-Shot-2024-07-02-at-3.42.17-PM-1024x967.png 1024w, https:\/\/mywellnesssolutions.com\/wp-content\/uploads\/2024\/07\/Screen-Shot-2024-07-02-at-3.42.17-PM-300x283.png 300w, https:\/\/mywellnesssolutions.com\/wp-content\/uploads\/2024\/07\/Screen-Shot-2024-07-02-at-3.42.17-PM-768x725.png 768w, https:\/\/mywellnesssolutions.com\/wp-content\/uploads\/2024\/07\/Screen-Shot-2024-07-02-at-3.42.17-PM.png 1150w\" sizes=\"(max-width: 800px) 100vw, 800px\" \/>\t\t\t\t\t\t\t\t<\/a>\n\t\t\t\t\t\t\t\t\t\t\t\t\t<\/div>\n\t\t\t\t<\/div>\n\t\t\t\t<div class=\"elementor-element elementor-element-0a4291d elementor-widget elementor-widget-image\" data-id=\"0a4291d\" data-element_type=\"widget\" data-widget_type=\"image.default\">\n\t\t\t\t<div class=\"elementor-widget-container\">\n\t\t\t\t\t\t\t\t\t\t\t\t\t\t<a href=\"https:\/\/patients.shopbiote.com\/customer\/account\/create\/?cid=2212&#038;utm_campaign=0001PL&#038;utm_source=Practitioner%20Link&#038;utm_medium=referral%20\" target=\"_blank\">\n\t\t\t\t\t\t\t<img loading=\"lazy\" decoding=\"async\" width=\"800\" height=\"755\" src=\"https:\/\/mywellnesssolutions.com\/wp-content\/uploads\/2024\/07\/Screen-Shot-2024-07-02-at-3.42.57-PM-1024x967.png\" class=\"attachment-large size-large wp-image-10506\" alt=\"biote supplements adk\" srcset=\"https:\/\/mywellnesssolutions.com\/wp-content\/uploads\/2024\/07\/Screen-Shot-2024-07-02-at-3.42.57-PM-1024x967.png 1024w, https:\/\/mywellnesssolutions.com\/wp-content\/uploads\/2024\/07\/Screen-Shot-2024-07-02-at-3.42.57-PM-300x283.png 300w, https:\/\/mywellnesssolutions.com\/wp-content\/uploads\/2024\/07\/Screen-Shot-2024-07-02-at-3.42.57-PM-768x725.png 768w, https:\/\/mywellnesssolutions.com\/wp-content\/uploads\/2024\/07\/Screen-Shot-2024-07-02-at-3.42.57-PM.png 1152w\" sizes=\"(max-width: 800px) 100vw, 800px\" \/>\t\t\t\t\t\t\t\t<\/a>\n\t\t\t\t\t\t\t\t\t\t\t\t\t<\/div>\n\t\t\t\t<\/div>\n\t\t\t\t\t<\/div>\n\t\t\t\t<\/div>\n\t\t\t\t<\/div>","protected":false},"excerpt":{"rendered":"<p>Por favor, lea estas importantes instrucciones para sus suplementos BioTe que le ayudar\u00e1n a que su inserci\u00f3n de pellets BioTe sea todo un \u00e9xito. Instrucciones para sus suplementos BioTe Los siguientes suplementos BioTe se recomiendan adem\u00e1s de su terapia de pellets. A menos que se especifique lo contrario, pueden tomarse a cualquier hora del d\u00eda sin tener en cuenta las comidas. Si un suplemento [...]<\/p>","protected":false},"author":1,"featured_media":0,"parent":0,"menu_order":0,"comment_status":"closed","ping_status":"closed","template":"","meta":{"om_disable_all_campaigns":false,"_monsterinsights_skip_tracking":false,"_monsterinsights_sitenote_active":false,"_monsterinsights_sitenote_note":"","_monsterinsights_sitenote_category":0,"_uf_show_specific_survey":0,"_uf_disable_surveys":false,"cybocfi_hide_featured_image":"","footnotes":""},"class_list":["post-9665","page","type-page","status-publish","hentry"],"acf":[],"aioseo_notices":[],"yoast_head":"<!-- This site is optimized with the Yoast SEO Premium plugin v21.6 (Yoast SEO v21.6) - https:\/\/yoast.com\/wordpress\/plugins\/seo\/ -->\n<title>What You Need To Know Before Taking BioTe Supplements - My Wellness Solutions<\/title>\n<meta name=\"description\" content=\"Pellet insertion success with BioTe Supplements. Take 1 daily for increased Vitamin D and to support bone health.*\" \/>\n<meta name=\"robots\" content=\"index, follow, max-snippet:-1, max-image-preview:large, max-video-preview:-1\" \/>\n<link rel=\"canonical\" href=\"https:\/\/mywellnesssolutions.com\/es\/biote-supplement-guide\/\" \/>\n<meta property=\"og:locale\" content=\"es_ES\" \/>\n<meta property=\"og:type\" content=\"article\" \/>\n<meta property=\"og:title\" content=\"BioTe Supplement Guide\" \/>\n<meta property=\"og:description\" content=\"Pellet insertion success with BioTe Supplements. Take 1 daily for increased Vitamin D and to support bone health.*\" \/>\n<meta property=\"og:url\" content=\"https:\/\/mywellnesssolutions.com\/es\/biote-supplement-guide\/\" \/>\n<meta property=\"og:site_name\" content=\"My Wellness Solutions\" \/>\n<meta property=\"article:publisher\" content=\"https:\/\/www.facebook.com\/mwshealth\" \/>\n<meta property=\"article:modified_time\" content=\"2024-07-02T19:49:05+00:00\" \/>\n<meta property=\"og:image\" content=\"https:\/\/mywellnesssolutions.com\/wp-content\/uploads\/2023\/12\/BIOTE-ADK-181x300.png\" \/>\n<meta name=\"twitter:card\" content=\"summary_large_image\" \/>\n<meta name=\"twitter:label1\" content=\"Est. reading time\" \/>\n\t<meta name=\"twitter:data1\" content=\"2 minutos\" \/>\n<script type=\"application\/ld+json\" class=\"yoast-schema-graph\">{\"@context\":\"https:\/\/schema.org\",\"@graph\":[{\"@type\":\"WebPage\",\"@id\":\"https:\/\/mywellnesssolutions.com\/biote-supplement-guide\/\",\"url\":\"https:\/\/mywellnesssolutions.com\/biote-supplement-guide\/\",\"name\":\"What You Need To Know Before Taking BioTe Supplements - My Wellness Solutions\",\"isPartOf\":{\"@id\":\"https:\/\/mywellnesssolutions.com\/#website\"},\"datePublished\":\"2023-12-12T18:29:47+00:00\",\"dateModified\":\"2024-07-02T19:49:05+00:00\",\"description\":\"Pellet insertion success with BioTe Supplements. Take 1 daily for increased Vitamin D and to support bone health.*\",\"breadcrumb\":{\"@id\":\"https:\/\/mywellnesssolutions.com\/biote-supplement-guide\/#breadcrumb\"},\"inLanguage\":\"es-DO\",\"potentialAction\":[{\"@type\":\"ReadAction\",\"target\":[\"https:\/\/mywellnesssolutions.com\/biote-supplement-guide\/\"]}]},{\"@type\":\"BreadcrumbList\",\"@id\":\"https:\/\/mywellnesssolutions.com\/biote-supplement-guide\/#breadcrumb\",\"itemListElement\":[{\"@type\":\"ListItem\",\"position\":1,\"name\":\"Home\",\"item\":\"https:\/\/mywellnesssolutions.com\/\"},{\"@type\":\"ListItem\",\"position\":2,\"name\":\"BioTe Supplement Guide\"}]},{\"@type\":\"WebSite\",\"@id\":\"https:\/\/mywellnesssolutions.com\/#website\",\"url\":\"https:\/\/mywellnesssolutions.com\/\",\"name\":\"My Wellness Solutions\",\"description\":\"The Best in Health &amp; Wellness\",\"publisher\":{\"@id\":\"https:\/\/mywellnesssolutions.com\/#organization\"},\"potentialAction\":[{\"@type\":\"SearchAction\",\"target\":{\"@type\":\"EntryPoint\",\"urlTemplate\":\"https:\/\/mywellnesssolutions.com\/?s={search_term_string}\"},\"query-input\":\"required name=search_term_string\"}],\"inLanguage\":\"es-DO\"},{\"@type\":\"Organization\",\"@id\":\"https:\/\/mywellnesssolutions.com\/#organization\",\"name\":\"My Wellness Solutions\",\"url\":\"https:\/\/mywellnesssolutions.com\/\",\"logo\":{\"@type\":\"ImageObject\",\"inLanguage\":\"es-DO\",\"@id\":\"https:\/\/mywellnesssolutions.com\/#\/schema\/logo\/image\/\",\"url\":\"https:\/\/mywellnesssolutions.com\/wp-content\/uploads\/2023\/10\/Logo.png\",\"contentUrl\":\"https:\/\/mywellnesssolutions.com\/wp-content\/uploads\/2023\/10\/Logo.png\",\"width\":149,\"height\":206,\"caption\":\"My Wellness Solutions\"},\"image\":{\"@id\":\"https:\/\/mywellnesssolutions.com\/#\/schema\/logo\/image\/\"},\"sameAs\":[\"https:\/\/www.facebook.com\/mwshealth\",\"https:\/\/www.instagram.com\/mwshealth\"]}]}<\/script>\n<!-- \/ Yoast SEO Premium plugin. -->","yoast_head_json":{"title":"What You Need To Know Before Taking BioTe Supplements - My Wellness Solutions","description":"Pellet insertion success with BioTe Supplements. Take 1 daily for increased Vitamin D and to support bone health.*","robots":{"index":"index","follow":"follow","max-snippet":"max-snippet:-1","max-image-preview":"max-image-preview:large","max-video-preview":"max-video-preview:-1"},"canonical":"https:\/\/mywellnesssolutions.com\/es\/biote-supplement-guide\/","og_locale":"es_ES","og_type":"article","og_title":"BioTe Supplement Guide","og_description":"Pellet insertion success with BioTe Supplements. Take 1 daily for increased Vitamin D and to support bone health.*","og_url":"https:\/\/mywellnesssolutions.com\/es\/biote-supplement-guide\/","og_site_name":"My Wellness Solutions","article_publisher":"https:\/\/www.facebook.com\/mwshealth","article_modified_time":"2024-07-02T19:49:05+00:00","og_image":[{"url":"https:\/\/mywellnesssolutions.com\/wp-content\/uploads\/2023\/12\/BIOTE-ADK-181x300.png"}],"twitter_card":"summary_large_image","twitter_misc":{"Est. reading time":"2 minutos"},"schema":{"@context":"https:\/\/schema.org","@graph":[{"@type":"WebPage","@id":"https:\/\/mywellnesssolutions.com\/biote-supplement-guide\/","url":"https:\/\/mywellnesssolutions.com\/biote-supplement-guide\/","name":"What You Need To Know Before Taking BioTe Supplements - My Wellness Solutions","isPartOf":{"@id":"https:\/\/mywellnesssolutions.com\/#website"},"datePublished":"2023-12-12T18:29:47+00:00","dateModified":"2024-07-02T19:49:05+00:00","description":"Pellet insertion success with BioTe Supplements. Take 1 daily for increased Vitamin D and to support bone health.*","breadcrumb":{"@id":"https:\/\/mywellnesssolutions.com\/biote-supplement-guide\/#breadcrumb"},"inLanguage":"es-DO","potentialAction":[{"@type":"ReadAction","target":["https:\/\/mywellnesssolutions.com\/biote-supplement-guide\/"]}]},{"@type":"BreadcrumbList","@id":"https:\/\/mywellnesssolutions.com\/biote-supplement-guide\/#breadcrumb","itemListElement":[{"@type":"ListItem","position":1,"name":"Home","item":"https:\/\/mywellnesssolutions.com\/"},{"@type":"ListItem","position":2,"name":"BioTe Supplement Guide"}]},{"@type":"WebSite","@id":"https:\/\/mywellnesssolutions.com\/#website","url":"https:\/\/mywellnesssolutions.com\/","name":"My Wellness Solutions","description":"The Best in Health &amp; Wellness","publisher":{"@id":"https:\/\/mywellnesssolutions.com\/#organization"},"potentialAction":[{"@type":"SearchAction","target":{"@type":"EntryPoint","urlTemplate":"https:\/\/mywellnesssolutions.com\/?s={search_term_string}"},"query-input":"required name=search_term_string"}],"inLanguage":"es-DO"},{"@type":"Organization","@id":"https:\/\/mywellnesssolutions.com\/#organization","name":"My Wellness Solutions","url":"https:\/\/mywellnesssolutions.com\/","logo":{"@type":"ImageObject","inLanguage":"es-DO","@id":"https:\/\/mywellnesssolutions.com\/#\/schema\/logo\/image\/","url":"https:\/\/mywellnesssolutions.com\/wp-content\/uploads\/2023\/10\/Logo.png","contentUrl":"https:\/\/mywellnesssolutions.com\/wp-content\/uploads\/2023\/10\/Logo.png","width":149,"height":206,"caption":"My Wellness Solutions"},"image":{"@id":"https:\/\/mywellnesssolutions.com\/#\/schema\/logo\/image\/"},"sameAs":["https:\/\/www.facebook.com\/mwshealth","https:\/\/www.instagram.com\/mwshealth"]}]}},"_links":{"self":[{"href":"https:\/\/mywellnesssolutions.com\/es\/wp-json\/wp\/v2\/pages\/9665","targetHints":{"allow":["GET"]}}],"collection":[{"href":"https:\/\/mywellnesssolutions.com\/es\/wp-json\/wp\/v2\/pages"}],"about":[{"href":"https:\/\/mywellnesssolutions.com\/es\/wp-json\/wp\/v2\/types\/page"}],"author":[{"embeddable":true,"href":"https:\/\/mywellnesssolutions.com\/es\/wp-json\/wp\/v2\/users\/1"}],"replies":[{"embeddable":true,"href":"https:\/\/mywellnesssolutions.com\/es\/wp-json\/wp\/v2\/comments?post=9665"}],"version-history":[{"count":0,"href":"https:\/\/mywellnesssolutions.com\/es\/wp-json\/wp\/v2\/pages\/9665\/revisions"}],"wp:attachment":[{"href":"https:\/\/mywellnesssolutions.com\/es\/wp-json\/wp\/v2\/media?parent=9665"}],"curies":[{"name":"wp","href":"https:\/\/api.w.org\/{rel}","templated":true}]}}