{"id":8960,"date":"2023-12-05T22:07:47","date_gmt":"2023-12-05T22:07:47","guid":{"rendered":"https:\/\/mywellnesssolu.wpenginepowered.com\/?page_id=8960"},"modified":"2023-12-28T18:23:46","modified_gmt":"2023-12-28T18:23:46","slug":"app","status":"publish","type":"page","link":"https:\/\/mywellnesssolutions.com\/es\/app\/","title":{"rendered":"Aplicaci\u00f3n"},"content":{"rendered":"<div data-elementor-type=\"wp-page\" data-elementor-id=\"8960\" class=\"elementor elementor-8960\" data-elementor-post-type=\"page\">\n\t\t\t\t<div class=\"elementor-element elementor-element-4894aaae e-flex e-con-boxed e-con e-parent\" data-id=\"4894aaae\" data-element_type=\"container\" data-settings=\"{&quot;background_background&quot;:&quot;classic&quot;,&quot;_ha_eqh_enable&quot;:false}\">\n\t\t\t\t\t<div class=\"e-con-inner\">\n\t\t\t\t\t<\/div>\n\t\t\t\t<\/div>\n\t\t<div class=\"elementor-element elementor-element-61c56dc4 e-con-full e-flex e-con e-parent\" data-id=\"61c56dc4\" data-element_type=\"container\" data-settings=\"{&quot;_ha_eqh_enable&quot;:false}\">\n\t\t<div class=\"elementor-element elementor-element-55492266 e-flex e-con-boxed e-con e-child\" data-id=\"55492266\" data-element_type=\"container\" data-settings=\"{&quot;background_background&quot;:&quot;classic&quot;,&quot;_ha_eqh_enable&quot;:false}\">\n\t\t\t\t\t<div class=\"e-con-inner\">\n\t\t<div class=\"elementor-element elementor-element-3e9e611b e-con-full e-flex e-con e-child\" data-id=\"3e9e611b\" data-element_type=\"container\" data-settings=\"{&quot;_ha_eqh_enable&quot;:false}\">\n\t\t\t\t<div class=\"elementor-element elementor-element-52baeab7 elementor-widget elementor-widget-heading\" data-id=\"52baeab7\" data-element_type=\"widget\" data-widget_type=\"heading.default\">\n\t\t\t\t<div class=\"elementor-widget-container\">\n\t\t\t<style>\/*! elementor - v3.21.0 - 08-05-2024 *\/\n.elementor-heading-title{padding:0;margin:0;line-height:1}.elementor-widget-heading .elementor-heading-title[class*=elementor-size-]>a{color:inherit;font-size:inherit;line-height:inherit}.elementor-widget-heading .elementor-heading-title.elementor-size-small{font-size:15px}.elementor-widget-heading .elementor-heading-title.elementor-size-medium{font-size:19px}.elementor-widget-heading .elementor-heading-title.elementor-size-large{font-size:29px}.elementor-widget-heading .elementor-heading-title.elementor-size-xl{font-size:39px}.elementor-widget-heading .elementor-heading-title.elementor-size-xxl{font-size:59px}<\/style><h3 class=\"elementor-heading-title elementor-size-default\">Una experiencia personalizada<\/h3>\t\t<\/div>\n\t\t\t\t<\/div>\n\t\t\t\t<div class=\"elementor-element elementor-element-025c72b elementor-widget elementor-widget-text-editor\" data-id=\"025c72b\" data-element_type=\"widget\" data-widget_type=\"text-editor.default\">\n\t\t\t\t<div class=\"elementor-widget-container\">\n\t\t\t<style>\/*! elementor - v3.21.0 - 08-05-2024 *\/\n.elementor-widget-text-editor.elementor-drop-cap-view-stacked .elementor-drop-cap{background-color:#69727d;color:#fff}.elementor-widget-text-editor.elementor-drop-cap-view-framed .elementor-drop-cap{color:#69727d;border:3px solid;background-color:transparent}.elementor-widget-text-editor:not(.elementor-drop-cap-view-default) .elementor-drop-cap{margin-top:8px}.elementor-widget-text-editor:not(.elementor-drop-cap-view-default) .elementor-drop-cap-letter{width:1em;height:1em}.elementor-widget-text-editor .elementor-drop-cap{float:left;text-align:center;line-height:1;font-size:50px}.elementor-widget-text-editor .elementor-drop-cap-letter{display:inline-block}<\/style>\t\t\t\t<p>Nuestro objetivo es facilitar su viaje hacia el bienestar.<\/p>\t\t\t\t\t\t<\/div>\n\t\t\t\t<\/div>\n\t\t\t\t<\/div>\n\t\t<div class=\"elementor-element elementor-element-647f0830 e-con-full e-flex e-con e-child\" data-id=\"647f0830\" data-element_type=\"container\" data-settings=\"{&quot;_ha_eqh_enable&quot;:false}\">\n\t\t<div class=\"elementor-element elementor-element-2b5339e4 e-con-full e-flex e-con e-child\" data-id=\"2b5339e4\" data-element_type=\"container\" data-settings=\"{&quot;_ha_eqh_enable&quot;:false}\">\n\t\t\t\t<div class=\"elementor-element elementor-element-63c45759 elementor-widget elementor-widget-text-editor\" data-id=\"63c45759\" data-element_type=\"widget\" data-widget_type=\"text-editor.default\">\n\t\t\t\t<div class=\"elementor-widget-container\">\n\t\t\t\t\t\t\t<p>Concertar citas<\/p>\t\t\t\t\t\t<\/div>\n\t\t\t\t<\/div>\n\t\t\t\t<\/div>\n\t\t<div class=\"elementor-element elementor-element-13f4c5a3 e-con-full e-flex e-con e-child\" data-id=\"13f4c5a3\" data-element_type=\"container\" data-settings=\"{&quot;_ha_eqh_enable&quot;:false}\">\n\t\t\t\t<div class=\"elementor-element elementor-element-23ff1335 elementor-widget elementor-widget-text-editor\" data-id=\"23ff1335\" data-element_type=\"widget\" data-widget_type=\"text-editor.default\">\n\t\t\t\t<div class=\"elementor-widget-container\">\n\t\t\t\t\t\t\t<p>Reprogramar\/Cancelar<\/p>\t\t\t\t\t\t<\/div>\n\t\t\t\t<\/div>\n\t\t\t\t<\/div>\n\t\t<div class=\"elementor-element elementor-element-65d7affe e-con-full e-flex e-con e-child\" data-id=\"65d7affe\" data-element_type=\"container\" data-settings=\"{&quot;_ha_eqh_enable&quot;:false}\">\n\t\t\t\t<div class=\"elementor-element elementor-element-1e7c07b6 elementor-widget elementor-widget-text-editor\" data-id=\"1e7c07b6\" data-element_type=\"widget\" data-widget_type=\"text-editor.default\">\n\t\t\t\t<div class=\"elementor-widget-container\">\n\t\t\t\t\t\t\t<p>Servicios de compra<\/p>\t\t\t\t\t\t<\/div>\n\t\t\t\t<\/div>\n\t\t\t\t<\/div>\n\t\t<div class=\"elementor-element elementor-element-779dfdac e-con-full e-flex e-con e-child\" data-id=\"779dfdac\" data-element_type=\"container\" data-settings=\"{&quot;_ha_eqh_enable&quot;:false}\">\n\t\t\t\t<div class=\"elementor-element elementor-element-23ae8760 elementor-widget elementor-widget-text-editor\" data-id=\"23ae8760\" data-element_type=\"widget\" data-widget_type=\"text-editor.default\">\n\t\t\t\t<div class=\"elementor-widget-container\">\n\t\t\t\t\t\t\t<p>Comprar productos<\/p>\t\t\t\t\t\t<\/div>\n\t\t\t\t<\/div>\n\t\t\t\t<\/div>\n\t\t<div class=\"elementor-element elementor-element-3fbc00bd e-con-full e-flex e-con e-child\" data-id=\"3fbc00bd\" data-element_type=\"container\" data-settings=\"{&quot;_ha_eqh_enable&quot;:false}\">\n\t\t\t\t<div class=\"elementor-element elementor-element-6bba5cda elementor-widget elementor-widget-text-editor\" data-id=\"6bba5cda\" data-element_type=\"widget\" data-widget_type=\"text-editor.default\">\n\t\t\t\t<div class=\"elementor-widget-container\">\n\t\t\t\t\t\t\t<p>Ofertas de compra<\/p>\t\t\t\t\t\t<\/div>\n\t\t\t\t<\/div>\n\t\t\t\t<\/div>\n\t\t<div class=\"elementor-element elementor-element-28796c7b e-con-full e-flex e-con e-child\" data-id=\"28796c7b\" data-element_type=\"container\" data-settings=\"{&quot;_ha_eqh_enable&quot;:false}\">\n\t\t\t\t<div class=\"elementor-element elementor-element-6fc97976 elementor-widget elementor-widget-text-editor\" data-id=\"6fc97976\" data-element_type=\"widget\" data-widget_type=\"text-editor.default\">\n\t\t\t\t<div class=\"elementor-widget-container\">\n\t\t\t\t\t\t\t<p>Seguimiento de los programas<\/p>\t\t\t\t\t\t<\/div>\n\t\t\t\t<\/div>\n\t\t\t\t<\/div>\n\t\t<div class=\"elementor-element elementor-element-39cd0908 e-con-full e-flex e-con e-child\" data-id=\"39cd0908\" data-element_type=\"container\" data-settings=\"{&quot;_ha_eqh_enable&quot;:false}\">\n\t\t\t\t<div class=\"elementor-element elementor-element-5f68c315 elementor-widget elementor-widget-text-editor\" data-id=\"5f68c315\" data-element_type=\"widget\" data-widget_type=\"text-editor.default\">\n\t\t\t\t<div class=\"elementor-widget-container\">\n\t\t\t\t\t\t\t<p>Mant\u00e9ngase al d\u00eda sobre su salud<\/p>\t\t\t\t\t\t<\/div>\n\t\t\t\t<\/div>\n\t\t\t\t<\/div>\n\t\t<div class=\"elementor-element elementor-element-46bbbc23 e-con-full e-flex e-con e-child\" data-id=\"46bbbc23\" data-element_type=\"container\" data-settings=\"{&quot;_ha_eqh_enable&quot;:false}\">\n\t\t\t\t<div class=\"elementor-element elementor-element-7b98f808 elementor-widget elementor-widget-text-editor\" data-id=\"7b98f808\" data-element_type=\"widget\" data-widget_type=\"text-editor.default\">\n\t\t\t\t<div class=\"elementor-widget-container\">\n\t\t\t\t\t\t\t<p>Rellenar los formularios de admisi\u00f3n<\/p>\t\t\t\t\t\t<\/div>\n\t\t\t\t<\/div>\n\t\t\t\t<\/div>\n\t\t<div class=\"elementor-element elementor-element-78dfd12f e-con-full e-flex e-con e-child\" data-id=\"78dfd12f\" data-element_type=\"container\" data-settings=\"{&quot;_ha_eqh_enable&quot;:false}\">\n\t\t\t\t<div class=\"elementor-element elementor-element-17c532a elementor-widget elementor-widget-text-editor\" data-id=\"17c532a\" data-element_type=\"widget\" data-widget_type=\"text-editor.default\">\n\t\t\t\t<div class=\"elementor-widget-container\">\n\t\t\t\t\t\t\t<p>F\u00e1cil acceso a su recomendaci\u00f3n<\/p>\t\t\t\t\t\t<\/div>\n\t\t\t\t<\/div>\n\t\t\t\t<\/div>\n\t\t\t\t<\/div>\n\t\t\t\t\t<\/div>\n\t\t\t\t<\/div>\n\t\t\t\t<\/div>\n\t\t<div class=\"elementor-element elementor-element-1eb8de0d e-flex e-con-boxed e-con e-parent\" data-id=\"1eb8de0d\" data-element_type=\"container\" data-settings=\"{&quot;_ha_eqh_enable&quot;:false}\">\n\t\t\t\t\t<div class=\"e-con-inner\">\n\t\t<div class=\"elementor-element elementor-element-67b24793 e-con-full e-flex e-con e-child\" data-id=\"67b24793\" data-element_type=\"container\" data-settings=\"{&quot;_ha_eqh_enable&quot;:false}\">\n\t\t\t\t<div class=\"elementor-element elementor-element-304be7fd elementor-widget elementor-widget-text-editor\" data-id=\"304be7fd\" data-element_type=\"widget\" data-widget_type=\"text-editor.default\">\n\t\t\t\t<div class=\"elementor-widget-container\">\n\t\t\t\t\t\t\t<p><strong>F\u00e1cil reserva de citas<br \/><\/strong>\u00bfNo est\u00e1 seguro de cu\u00e1l es el mejor servicio o por d\u00f3nde empezar? Utilice nuestra b\u00fasqueda de s\u00edntomas para encontrar el mejor servicio para usted.<\/p><p><strong>Programas de salud<br \/><\/strong><em>\u00a1Obtenga lo mejor de su programa de salud en la aplicaci\u00f3n!<\/em><\/p><ul><li>Chatea con tu entrenador directamente en la aplicaci\u00f3n<\/li><li>Educaci\u00f3n sanitaria a la carta<\/li><li>Acceso instant\u00e1neo a v\u00eddeos educativos que le ayudar\u00e1n a acelerar sus resultados<\/li><li>Educaci\u00f3n en la aplicaci\u00f3n basada en tus objetivos de salud<\/li><\/ul><p><strong>Mi p\u00e1gina de salud<br \/><\/strong><em>Obtenga una instant\u00e1nea de su salud y sus s\u00edntomas en un solo lugar.<\/em><\/p><ul><li>Sigue la evoluci\u00f3n de tus s\u00edntomas y tu peso en la aplicaci\u00f3n<\/li><li>Reciba recomendaciones personalizadas de suplementos en funci\u00f3n de sus s\u00edntomas actuales<\/li><li>Compra f\u00e1cilmente suplementos en funci\u00f3n de los s\u00edntomas<\/li><\/ul><p><strong>Recomendaciones<br \/><\/strong><em>No vuelva a perderse una recomendaci\u00f3n<\/em>!<\/p><ul><li>Acceso instant\u00e1neo a sus pr\u00f3ximos pasos<\/li><li>Vea f\u00e1cilmente todas las recomendaciones de productos, servicios y paquetes<\/li><\/ul><p><strong>Formularios de admisi\u00f3n<br \/><\/strong><em>Rellene f\u00e1cilmente todos los formularios de admisi\u00f3n<br \/><\/em><\/p><p>Evaluaci\u00f3n detallada de su historial de salud para ayudarnos a hacer las mejores recomendaciones y ayudarle a eliminar sus s\u00edntomas de forma natural. Puntuaci\u00f3n de sus s\u00edntomas para obtener una imagen clara del primer d\u00eda. El objetivo es que tenga 0 s\u00edntomas cuando termine el programa.<\/p><p><strong>Especiales<br \/><\/strong><em>Mant\u00e9ngase al d\u00eda de todas las ofertas de servicios y productos.<\/em><\/p>\t\t\t\t\t\t<\/div>\n\t\t\t\t<\/div>\n\t\t\t\t<\/div>\n\t\t\t\t\t<\/div>\n\t\t\t\t<\/div>\n\t\t<div class=\"elementor-element elementor-element-3e8a8ea e-flex e-con-boxed e-con e-parent\" data-id=\"3e8a8ea\" data-element_type=\"container\" data-settings=\"{&quot;_ha_eqh_enable&quot;:false}\">\n\t\t\t\t\t<div class=\"e-con-inner\">\n\t\t<div class=\"elementor-element elementor-element-06e3b24 e-con-full e-flex e-con e-child\" data-id=\"06e3b24\" data-element_type=\"container\" data-settings=\"{&quot;_ha_eqh_enable&quot;:false}\">\n\t\t\t\t<div class=\"elementor-element elementor-element-5d0f4a0 elementor-widget__width-initial elementor-widget elementor-widget-button\" data-id=\"5d0f4a0\" data-element_type=\"widget\" data-widget_type=\"button.default\">\n\t\t\t\t<div class=\"elementor-widget-container\">\n\t\t\t\t\t<div class=\"elementor-button-wrapper\">\n\t\t\t<a class=\"elementor-button elementor-button-link elementor-size-sm\" href=\"https:\/\/apps.apple.com\/us\/app\/my-wellness-solutions\/id1552830755\">\n\t\t\t\t\t\t<span class=\"elementor-button-content-wrapper\">\n\t\t\t\t\t\t\t\t\t<span class=\"elementor-button-text\">Descargar en la App Store<\/span>\n\t\t\t\t\t<\/span>\n\t\t\t\t\t<\/a>\n\t\t<\/div>\n\t\t\t\t<\/div>\n\t\t\t\t<\/div>\n\t\t\t\t<\/div>\n\t\t<div class=\"elementor-element elementor-element-c4f985f e-con-full e-flex e-con e-child\" data-id=\"c4f985f\" data-element_type=\"container\" data-settings=\"{&quot;_ha_eqh_enable&quot;:false}\">\n\t\t\t\t<div class=\"elementor-element elementor-element-53ed8a57 elementor-widget__width-initial elementor-widget elementor-widget-button\" data-id=\"53ed8a57\" data-element_type=\"widget\" data-widget_type=\"button.default\">\n\t\t\t\t<div class=\"elementor-widget-container\">\n\t\t\t\t\t<div class=\"elementor-button-wrapper\">\n\t\t\t<a class=\"elementor-button elementor-button-link elementor-size-sm\" href=\"https:\/\/play.google.com\/store\/apps\/details?id=com.mywellnesssolutions.app\">\n\t\t\t\t\t\t<span class=\"elementor-button-content-wrapper\">\n\t\t\t\t\t\t\t\t\t<span class=\"elementor-button-text\">Descargar en Google Play<\/span>\n\t\t\t\t\t<\/span>\n\t\t\t\t\t<\/a>\n\t\t<\/div>\n\t\t\t\t<\/div>\n\t\t\t\t<\/div>\n\t\t\t\t<\/div>\n\t\t\t\t\t<\/div>\n\t\t\t\t<\/div>\n\t\t\t\t<\/div>","protected":false},"excerpt":{"rendered":"<p>Una experiencia personalizada Nuestro objetivo es facilitar su viaje hacia el bienestar. Reservar Cita Reprogramar\/Cancelar Comprar Servicios Comprar Productos Comprar Ofertas Seguimiento de sus Programas Mant\u00e9ngase al D\u00eda con su Salud Rellene los Formularios de Admisi\u00f3n F\u00e1cil Acceso a su Recomendaci\u00f3n F\u00e1cil Reserva de Cita \u00bfNo est\u00e1 seguro de qu\u00e9 servicio es el mejor o por d\u00f3nde empezar? Utilice nuestros [...]<\/p>","protected":false},"author":1,"featured_media":3998,"parent":0,"menu_order":0,"comment_status":"closed","ping_status":"closed","template":"","meta":{"om_disable_all_campaigns":false,"_monsterinsights_skip_tracking":false,"_monsterinsights_sitenote_active":false,"_monsterinsights_sitenote_note":"","_monsterinsights_sitenote_category":0,"_uf_show_specific_survey":0,"_uf_disable_surveys":false,"cybocfi_hide_featured_image":"","footnotes":""},"class_list":["post-8960","page","type-page","status-publish","has-post-thumbnail","hentry"],"acf":[],"aioseo_notices":[],"yoast_head":"<!-- This site is optimized with the Yoast SEO Premium plugin v21.6 (Yoast SEO v21.6) - https:\/\/yoast.com\/wordpress\/plugins\/seo\/ -->\n<title>Find the Right Service with the My Wellness Solutions App - My Wellness Solutions<\/title>\n<meta name=\"description\" content=\"Stay on top of your wellness journey with our easy to use My Wellness Solutions App! Get custom recommendations, track your programs and access educational videos to speed up your results.\" \/>\n<meta name=\"robots\" content=\"index, follow, max-snippet:-1, max-image-preview:large, max-video-preview:-1\" \/>\n<link rel=\"canonical\" href=\"https:\/\/mywellnesssolutions.com\/es\/app\/\" \/>\n<meta property=\"og:locale\" content=\"es_ES\" \/>\n<meta property=\"og:type\" content=\"article\" \/>\n<meta property=\"og:title\" content=\"App\" \/>\n<meta property=\"og:description\" content=\"Stay on top of your wellness journey with our easy to use My Wellness Solutions App! Get custom recommendations, track your programs and access educational videos to speed up your results.\" \/>\n<meta property=\"og:url\" content=\"https:\/\/mywellnesssolutions.com\/es\/app\/\" \/>\n<meta property=\"og:site_name\" content=\"My Wellness Solutions\" \/>\n<meta property=\"article:publisher\" content=\"https:\/\/www.facebook.com\/mwshealth\" \/>\n<meta property=\"article:modified_time\" content=\"2023-12-28T18:23:46+00:00\" \/>\n<meta property=\"og:image\" content=\"https:\/\/mywellnesssolutions.com\/wp-content\/uploads\/2021\/05\/MWS-App-Banner-Website.png\" \/>\n\t<meta property=\"og:image:width\" content=\"6600\" \/>\n\t<meta property=\"og:image:height\" content=\"2400\" \/>\n\t<meta property=\"og:image:type\" content=\"image\/png\" \/>\n<meta name=\"twitter:card\" content=\"summary_large_image\" \/>\n<meta name=\"twitter:label1\" content=\"Est. reading time\" \/>\n\t<meta name=\"twitter:data1\" content=\"2 minutos\" \/>\n<script type=\"application\/ld+json\" class=\"yoast-schema-graph\">{\"@context\":\"https:\/\/schema.org\",\"@graph\":[{\"@type\":\"WebPage\",\"@id\":\"https:\/\/mywellnesssolutions.com\/app\/\",\"url\":\"https:\/\/mywellnesssolutions.com\/app\/\",\"name\":\"Find the Right Service with the My Wellness Solutions App - My Wellness Solutions\",\"isPartOf\":{\"@id\":\"https:\/\/mywellnesssolutions.com\/#website\"},\"datePublished\":\"2023-12-05T22:07:47+00:00\",\"dateModified\":\"2023-12-28T18:23:46+00:00\",\"description\":\"Stay on top of your wellness journey with our easy to use My Wellness Solutions App! Get custom recommendations, track your programs and access educational videos to speed up your results.\",\"breadcrumb\":{\"@id\":\"https:\/\/mywellnesssolutions.com\/app\/#breadcrumb\"},\"inLanguage\":\"es-DO\",\"potentialAction\":[{\"@type\":\"ReadAction\",\"target\":[\"https:\/\/mywellnesssolutions.com\/app\/\"]}]},{\"@type\":\"BreadcrumbList\",\"@id\":\"https:\/\/mywellnesssolutions.com\/app\/#breadcrumb\",\"itemListElement\":[{\"@type\":\"ListItem\",\"position\":1,\"name\":\"Home\",\"item\":\"https:\/\/mywellnesssolutions.com\/\"},{\"@type\":\"ListItem\",\"position\":2,\"name\":\"App\"}]},{\"@type\":\"WebSite\",\"@id\":\"https:\/\/mywellnesssolutions.com\/#website\",\"url\":\"https:\/\/mywellnesssolutions.com\/\",\"name\":\"My Wellness Solutions\",\"description\":\"The Best in Health &amp; Wellness\",\"publisher\":{\"@id\":\"https:\/\/mywellnesssolutions.com\/#organization\"},\"potentialAction\":[{\"@type\":\"SearchAction\",\"target\":{\"@type\":\"EntryPoint\",\"urlTemplate\":\"https:\/\/mywellnesssolutions.com\/?s={search_term_string}\"},\"query-input\":\"required name=search_term_string\"}],\"inLanguage\":\"es-DO\"},{\"@type\":\"Organization\",\"@id\":\"https:\/\/mywellnesssolutions.com\/#organization\",\"name\":\"My Wellness Solutions\",\"url\":\"https:\/\/mywellnesssolutions.com\/\",\"logo\":{\"@type\":\"ImageObject\",\"inLanguage\":\"es-DO\",\"@id\":\"https:\/\/mywellnesssolutions.com\/#\/schema\/logo\/image\/\",\"url\":\"https:\/\/mywellnesssolutions.com\/wp-content\/uploads\/2023\/10\/Logo.png\",\"contentUrl\":\"https:\/\/mywellnesssolutions.com\/wp-content\/uploads\/2023\/10\/Logo.png\",\"width\":149,\"height\":206,\"caption\":\"My Wellness Solutions\"},\"image\":{\"@id\":\"https:\/\/mywellnesssolutions.com\/#\/schema\/logo\/image\/\"},\"sameAs\":[\"https:\/\/www.facebook.com\/mwshealth\",\"https:\/\/www.instagram.com\/mwshealth\"]}]}<\/script>\n<!-- \/ Yoast SEO Premium plugin. -->","yoast_head_json":{"title":"Find the Right Service with the My Wellness Solutions App - My Wellness Solutions","description":"Stay on top of your wellness journey with our easy to use My Wellness Solutions App! Get custom recommendations, track your programs and access educational videos to speed up your results.","robots":{"index":"index","follow":"follow","max-snippet":"max-snippet:-1","max-image-preview":"max-image-preview:large","max-video-preview":"max-video-preview:-1"},"canonical":"https:\/\/mywellnesssolutions.com\/es\/app\/","og_locale":"es_ES","og_type":"article","og_title":"App","og_description":"Stay on top of your wellness journey with our easy to use My Wellness Solutions App! Get custom recommendations, track your programs and access educational videos to speed up your results.","og_url":"https:\/\/mywellnesssolutions.com\/es\/app\/","og_site_name":"My Wellness Solutions","article_publisher":"https:\/\/www.facebook.com\/mwshealth","article_modified_time":"2023-12-28T18:23:46+00:00","og_image":[{"width":6600,"height":2400,"url":"https:\/\/mywellnesssolutions.com\/wp-content\/uploads\/2021\/05\/MWS-App-Banner-Website.png","type":"image\/png"}],"twitter_card":"summary_large_image","twitter_misc":{"Est. reading time":"2 minutos"},"schema":{"@context":"https:\/\/schema.org","@graph":[{"@type":"WebPage","@id":"https:\/\/mywellnesssolutions.com\/app\/","url":"https:\/\/mywellnesssolutions.com\/app\/","name":"Find the Right Service with the My Wellness Solutions App - My Wellness Solutions","isPartOf":{"@id":"https:\/\/mywellnesssolutions.com\/#website"},"datePublished":"2023-12-05T22:07:47+00:00","dateModified":"2023-12-28T18:23:46+00:00","description":"Stay on top of your wellness journey with our easy to use My Wellness Solutions App! Get custom recommendations, track your programs and access educational videos to speed up your results.","breadcrumb":{"@id":"https:\/\/mywellnesssolutions.com\/app\/#breadcrumb"},"inLanguage":"es-DO","potentialAction":[{"@type":"ReadAction","target":["https:\/\/mywellnesssolutions.com\/app\/"]}]},{"@type":"BreadcrumbList","@id":"https:\/\/mywellnesssolutions.com\/app\/#breadcrumb","itemListElement":[{"@type":"ListItem","position":1,"name":"Home","item":"https:\/\/mywellnesssolutions.com\/"},{"@type":"ListItem","position":2,"name":"App"}]},{"@type":"WebSite","@id":"https:\/\/mywellnesssolutions.com\/#website","url":"https:\/\/mywellnesssolutions.com\/","name":"My Wellness Solutions","description":"The Best in Health &amp; Wellness","publisher":{"@id":"https:\/\/mywellnesssolutions.com\/#organization"},"potentialAction":[{"@type":"SearchAction","target":{"@type":"EntryPoint","urlTemplate":"https:\/\/mywellnesssolutions.com\/?s={search_term_string}"},"query-input":"required name=search_term_string"}],"inLanguage":"es-DO"},{"@type":"Organization","@id":"https:\/\/mywellnesssolutions.com\/#organization","name":"My Wellness Solutions","url":"https:\/\/mywellnesssolutions.com\/","logo":{"@type":"ImageObject","inLanguage":"es-DO","@id":"https:\/\/mywellnesssolutions.com\/#\/schema\/logo\/image\/","url":"https:\/\/mywellnesssolutions.com\/wp-content\/uploads\/2023\/10\/Logo.png","contentUrl":"https:\/\/mywellnesssolutions.com\/wp-content\/uploads\/2023\/10\/Logo.png","width":149,"height":206,"caption":"My Wellness Solutions"},"image":{"@id":"https:\/\/mywellnesssolutions.com\/#\/schema\/logo\/image\/"},"sameAs":["https:\/\/www.facebook.com\/mwshealth","https:\/\/www.instagram.com\/mwshealth"]}]}},"_links":{"self":[{"href":"https:\/\/mywellnesssolutions.com\/es\/wp-json\/wp\/v2\/pages\/8960","targetHints":{"allow":["GET"]}}],"collection":[{"href":"https:\/\/mywellnesssolutions.com\/es\/wp-json\/wp\/v2\/pages"}],"about":[{"href":"https:\/\/mywellnesssolutions.com\/es\/wp-json\/wp\/v2\/types\/page"}],"author":[{"embeddable":true,"href":"https:\/\/mywellnesssolutions.com\/es\/wp-json\/wp\/v2\/users\/1"}],"replies":[{"embeddable":true,"href":"https:\/\/mywellnesssolutions.com\/es\/wp-json\/wp\/v2\/comments?post=8960"}],"version-history":[{"count":0,"href":"https:\/\/mywellnesssolutions.com\/es\/wp-json\/wp\/v2\/pages\/8960\/revisions"}],"wp:featuredmedia":[{"embeddable":true,"href":"https:\/\/mywellnesssolutions.com\/es\/wp-json\/wp\/v2\/media\/3998"}],"wp:attachment":[{"href":"https:\/\/mywellnesssolutions.com\/es\/wp-json\/wp\/v2\/media?parent=8960"}],"curies":[{"name":"wp","href":"https:\/\/api.w.org\/{rel}","templated":true}]}}